{"id":6238,"date":"2015-05-01T21:38:51","date_gmt":"2015-05-01T18:38:51","guid":{"rendered":"https:\/\/planet-a9.com\/product\/motoreco-vu\/"},"modified":"2024-08-05T13:40:19","modified_gmt":"2024-08-05T10:40:19","slug":"motoreco-vu","status":"publish","type":"product","link":"https:\/\/planet-a9.com\/fi\/tuote\/motoreco-vu\/","title":{"rendered":"MOTORECO VU"},"content":{"rendered":"<p>MOTORECO VU on kalvonmuodostusk\u00e4sittelyaine kaikille nelitahtimoottoreille, jotka k\u00e4ytt\u00e4v\u00e4t bensiini\u00e4, dieseli\u00e4, joissa on tai ei ole Common Rail- tai ruiskutuspumppua, hiukkassuodatinta, GPL:\u00e4\u00e4, turboa, katalysaattoria tai ei, ihanteellinen auton, polkupy\u00f6r\u00e4n, veneen, teollisuuden, kevyen ilmailun ja kilpailun moottoreille.  <\/p>\n<p class=\"title_desc\"><strong>EDUT <\/strong>MOTORECO VU on tarkoitettu k\u00e4ytt\u00e4jille, jotka haluavat saada moottori\u00f6ljyyns\u00e4 erinomaisen suorituskyvyn tekem\u00e4ll\u00e4 siit\u00e4 kalvonmuodostuksen ja siten saada A9-teknologian tarjoaman lis\u00e4tehokkuuden, jonka periaatteita ovat:<\/p>\n<ul>\n<li>todistettu polttoaineen kulutuksen ja \u00f6ljyn t\u00e4ydennyksen v\u00e4hent\u00e4minen.<\/li>\n<li>myrkkyp\u00e4\u00e4st\u00f6jen (CO, NoX, HC, hiukkaset) voimakas v\u00e4hent\u00e4minen.<\/li>\n<li>mekaaninen k\u00e4ytt\u00f6ik\u00e4 kasvaa huomattavasti tribologian avulla parannettu<\/li>\n<li>tasaisempi ajomukavuus (moottorin melutaso ja t\u00e4rin\u00e4 v\u00e4henev\u00e4t, v\u00e4\u00e4nt\u00f6momentti paranee alhaisella nopeudella, helppo kylm\u00e4k\u00e4ynnistys, teho kasvaa).<\/li>\n<li>valmistajan takuu s\u00e4ilyy<\/li>\n<\/ul>\n<p>  MOTORECO VU soveltuu enint\u00e4\u00e4n 20 litran \u00f6ljykylpytilavuuteen tai enint\u00e4\u00e4n 3500 kg painavaan ajoneuvoon. <strong>PAKKAUS<\/strong>: 60ML<\/p>\n","protected":false},"excerpt":{"rendered":"<p>Kalvomuotoinen moottorin k\u00e4sittely 1500-3500 kg painoisille ajoneuvoille.<\/p>\n","protected":false},"featured_media":5402,"template":"","meta":{"_acf_changed":false},"product_brand":[],"product_cat":[110,121],"product_tag":[],"class_list":{"0":"post-6238","1":"product","2":"type-product","3":"status-publish","4":"has-post-thumbnail","6":"product_cat-a9-hoitotuotesarja","7":"product_cat-moottorin-hoitotuotesarja","9":"first","10":"instock","11":"taxable","12":"shipping-taxable","13":"purchasable","14":"product-type-simple"},"acf":[],"yoast_head":"<!-- This site is optimized with the Yoast SEO plugin v26.6 - https:\/\/yoast.com\/wordpress\/plugins\/seo\/ -->\n<title>MOTORECO VU | Planet A9<\/title>\n<meta name=\"robots\" content=\"index, follow, max-snippet:-1, max-image-preview:large, max-video-preview:-1\" \/>\n<link rel=\"canonical\" href=\"https:\/\/planet-a9.com\/fi\/tuote\/motoreco-vu\/\" \/>\n<meta property=\"og:locale\" content=\"fi_FI\" \/>\n<meta property=\"og:type\" content=\"article\" \/>\n<meta property=\"og:title\" content=\"MOTORECO VU | Planet A9\" \/>\n<meta property=\"og:description\" content=\"Kalvomuotoinen moottorin k\u00e4sittely 1500-3500 kg painoisille ajoneuvoille.\" \/>\n<meta property=\"og:url\" content=\"https:\/\/planet-a9.com\/fi\/tuote\/motoreco-vu\/\" \/>\n<meta property=\"og:site_name\" content=\"Planet A9\" \/>\n<meta property=\"article:modified_time\" content=\"2024-08-05T10:40:19+00:00\" \/>\n<meta property=\"og:image\" content=\"https:\/\/planet-a9.com\/wp-content\/uploads\/2015\/05\/17-01-19-NA-TraitementMoteur-MotorecoVU-ApplicateurDe60ml.jpg\" \/>\n\t<meta property=\"og:image:width\" content=\"2000\" \/>\n\t<meta property=\"og:image:height\" content=\"2000\" \/>\n\t<meta property=\"og:image:type\" content=\"image\/jpeg\" \/>\n<meta name=\"twitter:label1\" content=\"Arvioitu lukuaika\" \/>\n\t<meta name=\"twitter:data1\" content=\"1 minuutti\" \/>\n<script type=\"application\/ld+json\" class=\"yoast-schema-graph\">{\"@context\":\"https:\/\/schema.org\",\"@graph\":[{\"@type\":\"WebPage\",\"@id\":\"https:\/\/planet-a9.com\/fi\/tuote\/motoreco-vu\/\",\"url\":\"https:\/\/planet-a9.com\/fi\/tuote\/motoreco-vu\/\",\"name\":\"MOTORECO VU | Planet A9\",\"isPartOf\":{\"@id\":\"https:\/\/planet-a9.com\/fi\/#website\"},\"primaryImageOfPage\":{\"@id\":\"https:\/\/planet-a9.com\/fi\/tuote\/motoreco-vu\/#primaryimage\"},\"image\":{\"@id\":\"https:\/\/planet-a9.com\/fi\/tuote\/motoreco-vu\/#primaryimage\"},\"thumbnailUrl\":\"https:\/\/planet-a9.com\/wp-content\/uploads\/2015\/05\/17-01-19-NA-TraitementMoteur-MotorecoVU-ApplicateurDe60ml.jpg\",\"datePublished\":\"2015-05-01T18:38:51+00:00\",\"dateModified\":\"2024-08-05T10:40:19+00:00\",\"breadcrumb\":{\"@id\":\"https:\/\/planet-a9.com\/fi\/tuote\/motoreco-vu\/#breadcrumb\"},\"inLanguage\":\"fi\",\"potentialAction\":[{\"@type\":\"ReadAction\",\"target\":[\"https:\/\/planet-a9.com\/fi\/tuote\/motoreco-vu\/\"]}]},{\"@type\":\"ImageObject\",\"inLanguage\":\"fi\",\"@id\":\"https:\/\/planet-a9.com\/fi\/tuote\/motoreco-vu\/#primaryimage\",\"url\":\"https:\/\/planet-a9.com\/wp-content\/uploads\/2015\/05\/17-01-19-NA-TraitementMoteur-MotorecoVU-ApplicateurDe60ml.jpg\",\"contentUrl\":\"https:\/\/planet-a9.com\/wp-content\/uploads\/2015\/05\/17-01-19-NA-TraitementMoteur-MotorecoVU-ApplicateurDe60ml.jpg\",\"width\":2000,\"height\":2000},{\"@type\":\"BreadcrumbList\",\"@id\":\"https:\/\/planet-a9.com\/fi\/tuote\/motoreco-vu\/#breadcrumb\",\"itemListElement\":[{\"@type\":\"ListItem\",\"position\":1,\"name\":\"Home\",\"item\":\"https:\/\/planet-a9.com\/fi\/\"},{\"@type\":\"ListItem\",\"position\":2,\"name\":\"Kauppa\",\"item\":\"https:\/\/planet-a9.com\/store\/\"},{\"@type\":\"ListItem\",\"position\":3,\"name\":\"MOTORECO VU\"}]},{\"@type\":\"WebSite\",\"@id\":\"https:\/\/planet-a9.com\/fi\/#website\",\"url\":\"https:\/\/planet-a9.com\/fi\/\",\"name\":\"Planet A9\",\"description\":\"\",\"publisher\":{\"@id\":\"https:\/\/planet-a9.com\/fi\/#organization\"},\"potentialAction\":[{\"@type\":\"SearchAction\",\"target\":{\"@type\":\"EntryPoint\",\"urlTemplate\":\"https:\/\/planet-a9.com\/fi\/?s={search_term_string}\"},\"query-input\":{\"@type\":\"PropertyValueSpecification\",\"valueRequired\":true,\"valueName\":\"search_term_string\"}}],\"inLanguage\":\"fi\"},{\"@type\":\"Organization\",\"@id\":\"https:\/\/planet-a9.com\/fi\/#organization\",\"name\":\"Planet A9\",\"url\":\"https:\/\/planet-a9.com\/fi\/\",\"logo\":{\"@type\":\"ImageObject\",\"inLanguage\":\"fi\",\"@id\":\"https:\/\/planet-a9.com\/fi\/#\/schema\/logo\/image\/\",\"url\":\"https:\/\/planet-a9.com\/wp-content\/uploads\/2021\/11\/logo_planeta9_B.png\",\"contentUrl\":\"https:\/\/planet-a9.com\/wp-content\/uploads\/2021\/11\/logo_planeta9_B.png\",\"width\":237,\"height\":53,\"caption\":\"Planet A9\"},\"image\":{\"@id\":\"https:\/\/planet-a9.com\/fi\/#\/schema\/logo\/image\/\"}}]}<\/script>\n<!-- \/ Yoast SEO plugin. -->","yoast_head_json":{"title":"MOTORECO VU | Planet A9","robots":{"index":"index","follow":"follow","max-snippet":"max-snippet:-1","max-image-preview":"max-image-preview:large","max-video-preview":"max-video-preview:-1"},"canonical":"https:\/\/planet-a9.com\/fi\/tuote\/motoreco-vu\/","og_locale":"fi_FI","og_type":"article","og_title":"MOTORECO VU | Planet A9","og_description":"Kalvomuotoinen moottorin k\u00e4sittely 1500-3500 kg painoisille ajoneuvoille.","og_url":"https:\/\/planet-a9.com\/fi\/tuote\/motoreco-vu\/","og_site_name":"Planet A9","article_modified_time":"2024-08-05T10:40:19+00:00","og_image":[{"width":2000,"height":2000,"url":"https:\/\/planet-a9.com\/wp-content\/uploads\/2015\/05\/17-01-19-NA-TraitementMoteur-MotorecoVU-ApplicateurDe60ml.jpg","type":"image\/jpeg"}],"twitter_misc":{"Arvioitu lukuaika":"1 minuutti"},"schema":{"@context":"https:\/\/schema.org","@graph":[{"@type":"WebPage","@id":"https:\/\/planet-a9.com\/fi\/tuote\/motoreco-vu\/","url":"https:\/\/planet-a9.com\/fi\/tuote\/motoreco-vu\/","name":"MOTORECO VU | Planet A9","isPartOf":{"@id":"https:\/\/planet-a9.com\/fi\/#website"},"primaryImageOfPage":{"@id":"https:\/\/planet-a9.com\/fi\/tuote\/motoreco-vu\/#primaryimage"},"image":{"@id":"https:\/\/planet-a9.com\/fi\/tuote\/motoreco-vu\/#primaryimage"},"thumbnailUrl":"https:\/\/planet-a9.com\/wp-content\/uploads\/2015\/05\/17-01-19-NA-TraitementMoteur-MotorecoVU-ApplicateurDe60ml.jpg","datePublished":"2015-05-01T18:38:51+00:00","dateModified":"2024-08-05T10:40:19+00:00","breadcrumb":{"@id":"https:\/\/planet-a9.com\/fi\/tuote\/motoreco-vu\/#breadcrumb"},"inLanguage":"fi","potentialAction":[{"@type":"ReadAction","target":["https:\/\/planet-a9.com\/fi\/tuote\/motoreco-vu\/"]}]},{"@type":"ImageObject","inLanguage":"fi","@id":"https:\/\/planet-a9.com\/fi\/tuote\/motoreco-vu\/#primaryimage","url":"https:\/\/planet-a9.com\/wp-content\/uploads\/2015\/05\/17-01-19-NA-TraitementMoteur-MotorecoVU-ApplicateurDe60ml.jpg","contentUrl":"https:\/\/planet-a9.com\/wp-content\/uploads\/2015\/05\/17-01-19-NA-TraitementMoteur-MotorecoVU-ApplicateurDe60ml.jpg","width":2000,"height":2000},{"@type":"BreadcrumbList","@id":"https:\/\/planet-a9.com\/fi\/tuote\/motoreco-vu\/#breadcrumb","itemListElement":[{"@type":"ListItem","position":1,"name":"Home","item":"https:\/\/planet-a9.com\/fi\/"},{"@type":"ListItem","position":2,"name":"Kauppa","item":"https:\/\/planet-a9.com\/store\/"},{"@type":"ListItem","position":3,"name":"MOTORECO VU"}]},{"@type":"WebSite","@id":"https:\/\/planet-a9.com\/fi\/#website","url":"https:\/\/planet-a9.com\/fi\/","name":"Planet A9","description":"","publisher":{"@id":"https:\/\/planet-a9.com\/fi\/#organization"},"potentialAction":[{"@type":"SearchAction","target":{"@type":"EntryPoint","urlTemplate":"https:\/\/planet-a9.com\/fi\/?s={search_term_string}"},"query-input":{"@type":"PropertyValueSpecification","valueRequired":true,"valueName":"search_term_string"}}],"inLanguage":"fi"},{"@type":"Organization","@id":"https:\/\/planet-a9.com\/fi\/#organization","name":"Planet A9","url":"https:\/\/planet-a9.com\/fi\/","logo":{"@type":"ImageObject","inLanguage":"fi","@id":"https:\/\/planet-a9.com\/fi\/#\/schema\/logo\/image\/","url":"https:\/\/planet-a9.com\/wp-content\/uploads\/2021\/11\/logo_planeta9_B.png","contentUrl":"https:\/\/planet-a9.com\/wp-content\/uploads\/2021\/11\/logo_planeta9_B.png","width":237,"height":53,"caption":"Planet A9"},"image":{"@id":"https:\/\/planet-a9.com\/fi\/#\/schema\/logo\/image\/"}}]}},"_links":{"self":[{"href":"https:\/\/planet-a9.com\/fi\/wp-json\/wp\/v2\/product\/6238","targetHints":{"allow":["GET"]}}],"collection":[{"href":"https:\/\/planet-a9.com\/fi\/wp-json\/wp\/v2\/product"}],"about":[{"href":"https:\/\/planet-a9.com\/fi\/wp-json\/wp\/v2\/types\/product"}],"wp:featuredmedia":[{"embeddable":true,"href":"https:\/\/planet-a9.com\/fi\/wp-json\/wp\/v2\/media\/5402"}],"wp:attachment":[{"href":"https:\/\/planet-a9.com\/fi\/wp-json\/wp\/v2\/media?parent=6238"}],"wp:term":[{"taxonomy":"product_brand","embeddable":true,"href":"https:\/\/planet-a9.com\/fi\/wp-json\/wp\/v2\/product_brand?post=6238"},{"taxonomy":"product_cat","embeddable":true,"href":"https:\/\/planet-a9.com\/fi\/wp-json\/wp\/v2\/product_cat?post=6238"},{"taxonomy":"product_tag","embeddable":true,"href":"https:\/\/planet-a9.com\/fi\/wp-json\/wp\/v2\/product_tag?post=6238"}],"curies":[{"name":"wp","href":"https:\/\/api.w.org\/{rel}","templated":true}]}}