{"id":5547,"date":"2015-05-01T21:44:52","date_gmt":"2015-05-01T18:44:52","guid":{"rendered":"https:\/\/planet-a9.com\/product\/transeco\/"},"modified":"2024-08-13T14:24:30","modified_gmt":"2024-08-13T11:24:30","slug":"transeco","status":"publish","type":"product","link":"https:\/\/planet-a9.com\/fi\/tuote\/transeco\/","title":{"rendered":"TRANSECO"},"content":{"rendered":"<p>TRANSECO on kalvonmuodostusk\u00e4sittely kaikenlaisille manuaali- tai automaattivaihteistoille, ohjaus- ja ohjaustehostinmekanismeille, etu- ja taka-akseleille, tasauspy\u00f6r\u00e4st\u00f6ille, alennusvaihteille, voimanmuuntimille, voimanottolaitteille autoteollisuudessa, merenkulussa, maansiirtolaitteissa, teollisuudessa, kevyess\u00e4 lentoliikenteess\u00e4, maataloudessa ja kilpaurheilussa.  <\/p>\n<p class=\"title_desc\"><strong>EDUT<\/strong><\/p>\n<p>  TRANSECO on omistettu k\u00e4ytt\u00e4jille, jotka haluavat parantaa voimansiirto\u00f6ljyns\u00e4 suorituskyky\u00e4 tekem\u00e4ll\u00e4 siit\u00e4 kalvonmuodostuksen ja saamaan n\u00e4in ollen A9-teknologian tarjoaman lis\u00e4tehokkuuden, jonka periaatteita ovat:  <\/p>\n<ul>\n<li>yhteensopivuus mink\u00e4 tahansa ATF Dexronin tai \u00e4\u00e4rimm\u00e4isen paineen nesteen kanssa<\/li>\n<li>\u00f6ljykylvyn l\u00e4mp\u00f6tilan alentaminen 20 %:lla<\/li>\n<li>mekaaninen k\u00e4ytt\u00f6ik\u00e4 pitenee parantuneen tribologian ansiosta<\/li>\n<li>helppo kylm\u00e4k\u00e4ynnistys, suorituskyky paranee pienemm\u00e4n kitkan ansiosta.<\/li>\n<li>valmistajan takuu s\u00e4ilyy<\/li>\n<\/ul>\n<p>  TRANSECO soveltuu enint\u00e4\u00e4n 20 litran \u00f6ljykylpyyn. K\u00e4yt\u00e4 edell\u00e4 mainittua applikaattoria 500 litran v\u00e4lein, kun kyseess\u00e4 on suurikokoinen \u00f6ljypohja. <strong>PAKKAUS<\/strong>: 60ML<\/p>\n","protected":false},"excerpt":{"rendered":"<p>Kalvonmuodostuksen siirtok\u00e4sittely.<\/p>\n","protected":false},"featured_media":5408,"template":"","meta":{"_acf_changed":false},"product_brand":[],"product_cat":[110,111],"product_tag":[],"class_list":{"0":"post-5547","1":"product","2":"type-product","3":"status-publish","4":"has-post-thumbnail","6":"product_cat-a9-hoitotuotesarja","7":"product_cat-vaihteiston-hoitotuotesarja","9":"first","10":"instock","11":"taxable","12":"shipping-taxable","13":"purchasable","14":"product-type-simple"},"acf":[],"yoast_head":"<!-- This site is optimized with the Yoast SEO plugin v26.6 - https:\/\/yoast.com\/wordpress\/plugins\/seo\/ -->\n<title>TRANSECO | Planet A9<\/title>\n<meta name=\"robots\" content=\"index, follow, max-snippet:-1, max-image-preview:large, max-video-preview:-1\" \/>\n<link rel=\"canonical\" href=\"https:\/\/planet-a9.com\/fi\/tuote\/transeco\/\" \/>\n<meta property=\"og:locale\" content=\"fi_FI\" \/>\n<meta property=\"og:type\" content=\"article\" \/>\n<meta property=\"og:title\" content=\"TRANSECO | Planet A9\" \/>\n<meta property=\"og:description\" content=\"Kalvonmuodostuksen siirtok\u00e4sittely.\" \/>\n<meta property=\"og:url\" content=\"https:\/\/planet-a9.com\/fi\/tuote\/transeco\/\" \/>\n<meta property=\"og:site_name\" content=\"Planet A9\" \/>\n<meta property=\"article:modified_time\" content=\"2024-08-13T11:24:30+00:00\" \/>\n<meta property=\"og:image\" content=\"https:\/\/planet-a9.com\/wp-content\/uploads\/2015\/05\/17-01-19-NA-TraitementTransmission-Transeco-ApplicateurDe60ml.jpg\" \/>\n\t<meta property=\"og:image:width\" content=\"2000\" \/>\n\t<meta property=\"og:image:height\" content=\"2000\" \/>\n\t<meta property=\"og:image:type\" content=\"image\/jpeg\" \/>\n<meta name=\"twitter:label1\" content=\"Arvioitu lukuaika\" \/>\n\t<meta name=\"twitter:data1\" content=\"1 minuutti\" \/>\n<script type=\"application\/ld+json\" class=\"yoast-schema-graph\">{\"@context\":\"https:\/\/schema.org\",\"@graph\":[{\"@type\":\"WebPage\",\"@id\":\"https:\/\/planet-a9.com\/fi\/tuote\/transeco\/\",\"url\":\"https:\/\/planet-a9.com\/fi\/tuote\/transeco\/\",\"name\":\"TRANSECO | Planet A9\",\"isPartOf\":{\"@id\":\"https:\/\/planet-a9.com\/fi\/#website\"},\"primaryImageOfPage\":{\"@id\":\"https:\/\/planet-a9.com\/fi\/tuote\/transeco\/#primaryimage\"},\"image\":{\"@id\":\"https:\/\/planet-a9.com\/fi\/tuote\/transeco\/#primaryimage\"},\"thumbnailUrl\":\"https:\/\/planet-a9.com\/wp-content\/uploads\/2015\/05\/17-01-19-NA-TraitementTransmission-Transeco-ApplicateurDe60ml.jpg\",\"datePublished\":\"2015-05-01T18:44:52+00:00\",\"dateModified\":\"2024-08-13T11:24:30+00:00\",\"breadcrumb\":{\"@id\":\"https:\/\/planet-a9.com\/fi\/tuote\/transeco\/#breadcrumb\"},\"inLanguage\":\"fi\",\"potentialAction\":[{\"@type\":\"ReadAction\",\"target\":[\"https:\/\/planet-a9.com\/fi\/tuote\/transeco\/\"]}]},{\"@type\":\"ImageObject\",\"inLanguage\":\"fi\",\"@id\":\"https:\/\/planet-a9.com\/fi\/tuote\/transeco\/#primaryimage\",\"url\":\"https:\/\/planet-a9.com\/wp-content\/uploads\/2015\/05\/17-01-19-NA-TraitementTransmission-Transeco-ApplicateurDe60ml.jpg\",\"contentUrl\":\"https:\/\/planet-a9.com\/wp-content\/uploads\/2015\/05\/17-01-19-NA-TraitementTransmission-Transeco-ApplicateurDe60ml.jpg\",\"width\":2000,\"height\":2000},{\"@type\":\"BreadcrumbList\",\"@id\":\"https:\/\/planet-a9.com\/fi\/tuote\/transeco\/#breadcrumb\",\"itemListElement\":[{\"@type\":\"ListItem\",\"position\":1,\"name\":\"Home\",\"item\":\"https:\/\/planet-a9.com\/fi\/\"},{\"@type\":\"ListItem\",\"position\":2,\"name\":\"Kauppa\",\"item\":\"https:\/\/planet-a9.com\/store\/\"},{\"@type\":\"ListItem\",\"position\":3,\"name\":\"TRANSECO\"}]},{\"@type\":\"WebSite\",\"@id\":\"https:\/\/planet-a9.com\/fi\/#website\",\"url\":\"https:\/\/planet-a9.com\/fi\/\",\"name\":\"Planet A9\",\"description\":\"\",\"publisher\":{\"@id\":\"https:\/\/planet-a9.com\/fi\/#organization\"},\"potentialAction\":[{\"@type\":\"SearchAction\",\"target\":{\"@type\":\"EntryPoint\",\"urlTemplate\":\"https:\/\/planet-a9.com\/fi\/?s={search_term_string}\"},\"query-input\":{\"@type\":\"PropertyValueSpecification\",\"valueRequired\":true,\"valueName\":\"search_term_string\"}}],\"inLanguage\":\"fi\"},{\"@type\":\"Organization\",\"@id\":\"https:\/\/planet-a9.com\/fi\/#organization\",\"name\":\"Planet A9\",\"url\":\"https:\/\/planet-a9.com\/fi\/\",\"logo\":{\"@type\":\"ImageObject\",\"inLanguage\":\"fi\",\"@id\":\"https:\/\/planet-a9.com\/fi\/#\/schema\/logo\/image\/\",\"url\":\"https:\/\/planet-a9.com\/wp-content\/uploads\/2021\/11\/logo_planeta9_B.png\",\"contentUrl\":\"https:\/\/planet-a9.com\/wp-content\/uploads\/2021\/11\/logo_planeta9_B.png\",\"width\":237,\"height\":53,\"caption\":\"Planet A9\"},\"image\":{\"@id\":\"https:\/\/planet-a9.com\/fi\/#\/schema\/logo\/image\/\"}}]}<\/script>\n<!-- \/ Yoast SEO plugin. -->","yoast_head_json":{"title":"TRANSECO | Planet A9","robots":{"index":"index","follow":"follow","max-snippet":"max-snippet:-1","max-image-preview":"max-image-preview:large","max-video-preview":"max-video-preview:-1"},"canonical":"https:\/\/planet-a9.com\/fi\/tuote\/transeco\/","og_locale":"fi_FI","og_type":"article","og_title":"TRANSECO | Planet A9","og_description":"Kalvonmuodostuksen siirtok\u00e4sittely.","og_url":"https:\/\/planet-a9.com\/fi\/tuote\/transeco\/","og_site_name":"Planet A9","article_modified_time":"2024-08-13T11:24:30+00:00","og_image":[{"width":2000,"height":2000,"url":"https:\/\/planet-a9.com\/wp-content\/uploads\/2015\/05\/17-01-19-NA-TraitementTransmission-Transeco-ApplicateurDe60ml.jpg","type":"image\/jpeg"}],"twitter_misc":{"Arvioitu lukuaika":"1 minuutti"},"schema":{"@context":"https:\/\/schema.org","@graph":[{"@type":"WebPage","@id":"https:\/\/planet-a9.com\/fi\/tuote\/transeco\/","url":"https:\/\/planet-a9.com\/fi\/tuote\/transeco\/","name":"TRANSECO | Planet A9","isPartOf":{"@id":"https:\/\/planet-a9.com\/fi\/#website"},"primaryImageOfPage":{"@id":"https:\/\/planet-a9.com\/fi\/tuote\/transeco\/#primaryimage"},"image":{"@id":"https:\/\/planet-a9.com\/fi\/tuote\/transeco\/#primaryimage"},"thumbnailUrl":"https:\/\/planet-a9.com\/wp-content\/uploads\/2015\/05\/17-01-19-NA-TraitementTransmission-Transeco-ApplicateurDe60ml.jpg","datePublished":"2015-05-01T18:44:52+00:00","dateModified":"2024-08-13T11:24:30+00:00","breadcrumb":{"@id":"https:\/\/planet-a9.com\/fi\/tuote\/transeco\/#breadcrumb"},"inLanguage":"fi","potentialAction":[{"@type":"ReadAction","target":["https:\/\/planet-a9.com\/fi\/tuote\/transeco\/"]}]},{"@type":"ImageObject","inLanguage":"fi","@id":"https:\/\/planet-a9.com\/fi\/tuote\/transeco\/#primaryimage","url":"https:\/\/planet-a9.com\/wp-content\/uploads\/2015\/05\/17-01-19-NA-TraitementTransmission-Transeco-ApplicateurDe60ml.jpg","contentUrl":"https:\/\/planet-a9.com\/wp-content\/uploads\/2015\/05\/17-01-19-NA-TraitementTransmission-Transeco-ApplicateurDe60ml.jpg","width":2000,"height":2000},{"@type":"BreadcrumbList","@id":"https:\/\/planet-a9.com\/fi\/tuote\/transeco\/#breadcrumb","itemListElement":[{"@type":"ListItem","position":1,"name":"Home","item":"https:\/\/planet-a9.com\/fi\/"},{"@type":"ListItem","position":2,"name":"Kauppa","item":"https:\/\/planet-a9.com\/store\/"},{"@type":"ListItem","position":3,"name":"TRANSECO"}]},{"@type":"WebSite","@id":"https:\/\/planet-a9.com\/fi\/#website","url":"https:\/\/planet-a9.com\/fi\/","name":"Planet A9","description":"","publisher":{"@id":"https:\/\/planet-a9.com\/fi\/#organization"},"potentialAction":[{"@type":"SearchAction","target":{"@type":"EntryPoint","urlTemplate":"https:\/\/planet-a9.com\/fi\/?s={search_term_string}"},"query-input":{"@type":"PropertyValueSpecification","valueRequired":true,"valueName":"search_term_string"}}],"inLanguage":"fi"},{"@type":"Organization","@id":"https:\/\/planet-a9.com\/fi\/#organization","name":"Planet A9","url":"https:\/\/planet-a9.com\/fi\/","logo":{"@type":"ImageObject","inLanguage":"fi","@id":"https:\/\/planet-a9.com\/fi\/#\/schema\/logo\/image\/","url":"https:\/\/planet-a9.com\/wp-content\/uploads\/2021\/11\/logo_planeta9_B.png","contentUrl":"https:\/\/planet-a9.com\/wp-content\/uploads\/2021\/11\/logo_planeta9_B.png","width":237,"height":53,"caption":"Planet A9"},"image":{"@id":"https:\/\/planet-a9.com\/fi\/#\/schema\/logo\/image\/"}}]}},"_links":{"self":[{"href":"https:\/\/planet-a9.com\/fi\/wp-json\/wp\/v2\/product\/5547","targetHints":{"allow":["GET"]}}],"collection":[{"href":"https:\/\/planet-a9.com\/fi\/wp-json\/wp\/v2\/product"}],"about":[{"href":"https:\/\/planet-a9.com\/fi\/wp-json\/wp\/v2\/types\/product"}],"wp:featuredmedia":[{"embeddable":true,"href":"https:\/\/planet-a9.com\/fi\/wp-json\/wp\/v2\/media\/5408"}],"wp:attachment":[{"href":"https:\/\/planet-a9.com\/fi\/wp-json\/wp\/v2\/media?parent=5547"}],"wp:term":[{"taxonomy":"product_brand","embeddable":true,"href":"https:\/\/planet-a9.com\/fi\/wp-json\/wp\/v2\/product_brand?post=5547"},{"taxonomy":"product_cat","embeddable":true,"href":"https:\/\/planet-a9.com\/fi\/wp-json\/wp\/v2\/product_cat?post=5547"},{"taxonomy":"product_tag","embeddable":true,"href":"https:\/\/planet-a9.com\/fi\/wp-json\/wp\/v2\/product_tag?post=5547"}],"curies":[{"name":"wp","href":"https:\/\/api.w.org\/{rel}","templated":true}]}}